{"id":5795,"date":"2024-11-07T15:02:34","date_gmt":"2024-11-07T15:02:34","guid":{"rendered":"https:\/\/lingerie.zyrgon.dev\/contacto\/"},"modified":"2025-06-27T16:14:57","modified_gmt":"2025-06-27T15:14:57","slug":"contacto","status":"publish","type":"page","link":"https:\/\/restaurantelingerie.com\/es\/contacto\/","title":{"rendered":"Contacto"},"content":{"rendered":"\t\t<div data-elementor-type=\"wp-page\" data-elementor-id=\"5795\" class=\"elementor elementor-5795 elementor-37\" data-elementor-post-type=\"page\">\n\t\t\t\t\t\t<section class=\"elementor-section elementor-top-section elementor-element elementor-element-102e48d elementor-section-height-min-height elementor-section-items-stretch elementor-section-boxed elementor-section-height-default\" data-id=\"102e48d\" data-element_type=\"section\" data-settings=\"{&quot;background_background&quot;:&quot;classic&quot;}\">\n\t\t\t\t\t\t<div class=\"elementor-container elementor-column-gap-default\">\n\t\t\t\t\t<div class=\"elementor-column elementor-col-100 elementor-top-column elementor-element elementor-element-2fe0745\" data-id=\"2fe0745\" data-element_type=\"column\">\n\t\t\t<div class=\"elementor-widget-wrap elementor-element-populated\">\n\t\t\t\t\t\t<div class=\"elementor-element elementor-element-62604cb texto_gradient elementor-widget elementor-widget-heading\" data-id=\"62604cb\" data-element_type=\"widget\" data-widget_type=\"heading.default\">\n\t\t\t\t<div class=\"elementor-widget-container\">\n\t\t\t\t\t<h2 class=\"elementor-heading-title elementor-size-default\">Ponte en contacto<\/h2>\t\t\t\t<\/div>\n\t\t\t\t<\/div>\n\t\t\t\t<div class=\"elementor-element elementor-element-b27b69f elementor-widget-divider--view-line elementor-widget elementor-widget-divider\" data-id=\"b27b69f\" data-element_type=\"widget\" data-widget_type=\"divider.default\">\n\t\t\t\t<div class=\"elementor-widget-container\">\n\t\t\t\t\t\t\t<div class=\"elementor-divider\">\n\t\t\t<span class=\"elementor-divider-separator\">\n\t\t\t\t\t\t<\/span>\n\t\t<\/div>\n\t\t\t\t\t\t<\/div>\n\t\t\t\t<\/div>\n\t\t\t\t<div class=\"elementor-element elementor-element-4191612 elementor-widget elementor-widget-heading\" data-id=\"4191612\" data-element_type=\"widget\" data-widget_type=\"heading.default\">\n\t\t\t\t<div class=\"elementor-widget-container\">\n\t\t\t\t\t<h2 class=\"elementor-heading-title elementor-size-default\">Porto \u2022 Lisboa \u2022 Coimbra \u2022 Braga<\/h2>\t\t\t\t<\/div>\n\t\t\t\t<\/div>\n\t\t\t\t\t<\/div>\n\t\t<\/div>\n\t\t\t\t\t<\/div>\n\t\t<\/section>\n\t\t\t\t<section class=\"elementor-section elementor-top-section elementor-element elementor-element-4fccb5c elementor-section-boxed elementor-section-height-default elementor-section-height-default\" data-id=\"4fccb5c\" data-element_type=\"section\" id=\"locations\" data-settings=\"{&quot;background_background&quot;:&quot;classic&quot;}\">\n\t\t\t\t\t\t<div class=\"elementor-container elementor-column-gap-default\">\n\t\t\t\t\t<div class=\"elementor-column elementor-col-100 elementor-top-column elementor-element elementor-element-52516a9\" data-id=\"52516a9\" data-element_type=\"column\">\n\t\t\t<div class=\"elementor-widget-wrap elementor-element-populated\">\n\t\t\t\t\t\t<div class=\"elementor-element elementor-element-24b0807 texto_gradient elementor-widget elementor-widget-heading\" data-id=\"24b0807\" data-element_type=\"widget\" data-widget_type=\"heading.default\">\n\t\t\t\t<div class=\"elementor-widget-container\">\n\t\t\t\t\t<h2 class=\"elementor-heading-title elementor-size-default\">Contactos<\/h2>\t\t\t\t<\/div>\n\t\t\t\t<\/div>\n\t\t\t\t<div class=\"elementor-element elementor-element-c200456 elementor-widget elementor-widget-text-editor\" data-id=\"c200456\" data-element_type=\"widget\" data-widget_type=\"text-editor.default\">\n\t\t\t\t<div class=\"elementor-widget-container\">\n\t\t\t\t\t\t\t\t\t<p>Cont\u00e1ctanos para m\u00e1s informaci\u00f3n.<\/p>\t\t\t\t\t\t\t\t<\/div>\n\t\t\t\t<\/div>\n\t\t\t\t<div class=\"elementor-element elementor-element-7e178b1 elementor-widget-divider--view-line elementor-widget elementor-widget-divider\" data-id=\"7e178b1\" data-element_type=\"widget\" data-widget_type=\"divider.default\">\n\t\t\t\t<div class=\"elementor-widget-container\">\n\t\t\t\t\t\t\t<div class=\"elementor-divider\">\n\t\t\t<span class=\"elementor-divider-separator\">\n\t\t\t\t\t\t<\/span>\n\t\t<\/div>\n\t\t\t\t\t\t<\/div>\n\t\t\t\t<\/div>\n\t\t\t\t\t<\/div>\n\t\t<\/div>\n\t\t\t\t\t<\/div>\n\t\t<\/section>\n\t\t\t\t<section class=\"elementor-section elementor-top-section elementor-element elementor-element-e75521d elementor-section-boxed elementor-section-height-default elementor-section-height-default\" data-id=\"e75521d\" data-element_type=\"section\" id=\"faqs\" data-settings=\"{&quot;background_background&quot;:&quot;classic&quot;}\">\n\t\t\t\t\t\t<div class=\"elementor-container elementor-column-gap-default\">\n\t\t\t\t\t<div class=\"elementor-column elementor-col-50 elementor-top-column elementor-element elementor-element-940a057\" data-id=\"940a057\" data-element_type=\"column\">\n\t\t\t<div class=\"elementor-widget-wrap elementor-element-populated\">\n\t\t\t\t\t\t<div class=\"elementor-element elementor-element-18dcdf3 tabs_contactos elementor-widget elementor-widget-accordion\" data-id=\"18dcdf3\" data-element_type=\"widget\" data-widget_type=\"accordion.default\">\n\t\t\t\t<div class=\"elementor-widget-container\">\n\t\t\t\t\t\t\t<div class=\"elementor-accordion\">\n\t\t\t\t\t\t\t<div class=\"elementor-accordion-item\">\n\t\t\t\t\t<div id=\"elementor-tab-title-2601\" class=\"elementor-tab-title\" data-tab=\"1\" role=\"button\" aria-controls=\"elementor-tab-content-2601\" aria-expanded=\"false\">\n\t\t\t\t\t\t\t\t\t\t\t\t\t<span class=\"elementor-accordion-icon elementor-accordion-icon-right\" aria-hidden=\"true\">\n\t\t\t\t\t\t\t\t\t\t\t\t\t\t\t<span class=\"elementor-accordion-icon-closed\"><svg xmlns=\"http:\/\/www.w3.org\/2000\/svg\" width=\"16\" height=\"10\" viewBox=\"0 0 16 10\" fill=\"none\"><path id=\"Vector\" d=\"M15 1.21582L8 8.21582L1 1.21582\" stroke=\"#D9BD6C\" stroke-width=\"2\" stroke-miterlimit=\"10\" stroke-linecap=\"round\"><\/path><\/svg><\/span>\n\t\t\t\t\t\t\t\t<span class=\"elementor-accordion-icon-opened\"><svg xmlns=\"http:\/\/www.w3.org\/2000\/svg\" width=\"16\" height=\"10\" viewBox=\"0 0 16 10\" fill=\"none\"><path id=\"Vector\" d=\"M15 1L8 8L1 0.999999\" stroke=\"#D9BD6C\" stroke-width=\"2\" stroke-miterlimit=\"10\" stroke-linecap=\"round\"><\/path><\/svg><\/span>\n\t\t\t\t\t\t\t\t\t\t\t\t\t\t<\/span>\n\t\t\t\t\t\t\t\t\t\t\t\t<a class=\"elementor-accordion-title\" tabindex=\"0\">Porto<\/a>\n\t\t\t\t\t<\/div>\n\t\t\t\t\t<div id=\"elementor-tab-content-2601\" class=\"elementor-tab-content elementor-clearfix\" data-tab=\"1\" role=\"region\" aria-labelledby=\"elementor-tab-title-2601\"><p><strong>Direcci\u00f3n:<\/strong><a href=\"https:\/\/maps.app.goo.gl\/6CGQSuwsco8K3YrZ8\" target=\"_blank\" rel=\"noopener\"> Rua Gon\u00e7alo Crist\u00f3v\u00e3o, n\u00ba198 4000-265 Porto<\/a><\/p><p><strong>Email: <\/strong><img decoding=\"async\" src=\"https:\/\/restaurantelingerie.com\/wp-content\/uploads\/2024\/11\/Vector-9.svg\" alt=\"\" width=\"17\" height=\"17\" \/><a href=\"mailto:thelingerierestaurant@gmail.com\"> thelingerierestaurant@gmail.com<\/a><\/p><p><strong>Tel\u00e9fono: <\/strong><img decoding=\"async\" src=\"https:\/\/restaurantelingerie.com\/wp-content\/uploads\/2024\/11\/Vector-10.svg\" alt=\"\" width=\"17\" height=\"17\" \/> <a href=\"tel:+351915672450\">+351 915 672 450<\/a><br \/><span style=\"color: #d9bd6c;\"><span style=\"font-size: 14px;\">(Llamada a la red m\u00f3vil nacional)<\/span><\/span><\/p><p><b>Redes Sociales<\/b><strong>: <\/strong><img decoding=\"async\" src=\"\/wp-content\/uploads\/2024\/11\/facebook-faq.svg\" alt=\"\" width=\"17\" height=\"17\" \/> <a href=\"http:\/\/facebook.com\/EroticRestaurant\" target=\"_blank\" rel=\"noopener\">facebook.com\/EroticRestaurant<\/a><\/p><p><b>Servicio de informaci\u00f3n y reservas<\/b><strong>:<\/strong> 11h00 &#8211; 23h00<br \/><span style=\"color: #d9bd6c;\">(Fuera del horario de este servicio, env\u00eda un correo electr\u00f3nico)<\/span><\/p><\/div>\n\t\t\t\t<\/div>\n\t\t\t\t\t\t\t<div class=\"elementor-accordion-item\">\n\t\t\t\t\t<div id=\"elementor-tab-title-2602\" class=\"elementor-tab-title\" data-tab=\"2\" role=\"button\" aria-controls=\"elementor-tab-content-2602\" aria-expanded=\"false\">\n\t\t\t\t\t\t\t\t\t\t\t\t\t<span class=\"elementor-accordion-icon elementor-accordion-icon-right\" aria-hidden=\"true\">\n\t\t\t\t\t\t\t\t\t\t\t\t\t\t\t<span class=\"elementor-accordion-icon-closed\"><svg xmlns=\"http:\/\/www.w3.org\/2000\/svg\" width=\"16\" height=\"10\" viewBox=\"0 0 16 10\" fill=\"none\"><path id=\"Vector\" d=\"M15 1.21582L8 8.21582L1 1.21582\" stroke=\"#D9BD6C\" stroke-width=\"2\" stroke-miterlimit=\"10\" stroke-linecap=\"round\"><\/path><\/svg><\/span>\n\t\t\t\t\t\t\t\t<span class=\"elementor-accordion-icon-opened\"><svg xmlns=\"http:\/\/www.w3.org\/2000\/svg\" width=\"16\" height=\"10\" viewBox=\"0 0 16 10\" fill=\"none\"><path id=\"Vector\" d=\"M15 1L8 8L1 0.999999\" stroke=\"#D9BD6C\" stroke-width=\"2\" stroke-miterlimit=\"10\" stroke-linecap=\"round\"><\/path><\/svg><\/span>\n\t\t\t\t\t\t\t\t\t\t\t\t\t\t<\/span>\n\t\t\t\t\t\t\t\t\t\t\t\t<a class=\"elementor-accordion-title\" tabindex=\"0\">Lisboa<\/a>\n\t\t\t\t\t<\/div>\n\t\t\t\t\t<div id=\"elementor-tab-content-2602\" class=\"elementor-tab-content elementor-clearfix\" data-tab=\"2\" role=\"region\" aria-labelledby=\"elementor-tab-title-2602\"><p><strong>Direcci\u00f3n:<\/strong> <a href=\"https:\/\/maps.app.goo.gl\/EMTKnKFk4GaWuBAC8\" target=\"_blank\" rel=\"noopener\">Avenida Ant\u00f3nio Augusto Aguiar 1050-018 LISBOA<\/a><\/p><p><strong>Email: <\/strong><img decoding=\"async\" src=\"https:\/\/restaurantelingerie.com\/wp-content\/uploads\/2024\/11\/Vector-9.svg\" alt=\"\" width=\"17\" height=\"17\" \/> <a href=\"mailto:geral@lingerielisboa.com\">geral@lingerielisboa.com<\/a><\/p><p><strong>Tel\u00e9fono: <\/strong><img decoding=\"async\" src=\"https:\/\/restaurantelingerie.com\/wp-content\/uploads\/2024\/11\/Vector-10.svg\" alt=\"\" width=\"17\" height=\"17\" \/> <a href=\"tel:+351915672450\">+351 915 672 450<\/a><br \/><span style=\"color: #d9bd6c;\"><span style=\"font-size: 14px;\">(Llamada a la red m\u00f3vil nacional)<\/span><\/span><\/p><p><b>Redes Sociales<\/b><strong>: <\/strong><img decoding=\"async\" src=\"\/wp-content\/uploads\/2024\/11\/facebook-faq.svg\" alt=\"\" width=\"17\" height=\"17\" \/> <a href=\"https:\/\/www.facebook.com\/thelingerierestaurantlisboa\" target=\"_blank\" rel=\"noopener\">facebook.com\/thelingerierestaurantlisboa<\/a><\/p><p><b>Servicio de informaci\u00f3n y reservas<\/b><strong>:<\/strong> 11h00 &#8211; 23h00<br \/><span style=\"color: #d9bd6c;\">(Fuera del horario de este servicio, env\u00eda un correo electr\u00f3nico)<\/span><\/p><\/div>\n\t\t\t\t<\/div>\n\t\t\t\t\t\t\t<div class=\"elementor-accordion-item\">\n\t\t\t\t\t<div id=\"elementor-tab-title-2603\" class=\"elementor-tab-title\" data-tab=\"3\" role=\"button\" aria-controls=\"elementor-tab-content-2603\" aria-expanded=\"false\">\n\t\t\t\t\t\t\t\t\t\t\t\t\t<span class=\"elementor-accordion-icon elementor-accordion-icon-right\" aria-hidden=\"true\">\n\t\t\t\t\t\t\t\t\t\t\t\t\t\t\t<span class=\"elementor-accordion-icon-closed\"><svg xmlns=\"http:\/\/www.w3.org\/2000\/svg\" width=\"16\" height=\"10\" viewBox=\"0 0 16 10\" fill=\"none\"><path id=\"Vector\" d=\"M15 1.21582L8 8.21582L1 1.21582\" stroke=\"#D9BD6C\" stroke-width=\"2\" stroke-miterlimit=\"10\" stroke-linecap=\"round\"><\/path><\/svg><\/span>\n\t\t\t\t\t\t\t\t<span class=\"elementor-accordion-icon-opened\"><svg xmlns=\"http:\/\/www.w3.org\/2000\/svg\" width=\"16\" height=\"10\" viewBox=\"0 0 16 10\" fill=\"none\"><path id=\"Vector\" d=\"M15 1L8 8L1 0.999999\" stroke=\"#D9BD6C\" stroke-width=\"2\" stroke-miterlimit=\"10\" stroke-linecap=\"round\"><\/path><\/svg><\/span>\n\t\t\t\t\t\t\t\t\t\t\t\t\t\t<\/span>\n\t\t\t\t\t\t\t\t\t\t\t\t<a class=\"elementor-accordion-title\" tabindex=\"0\">Coimbra<\/a>\n\t\t\t\t\t<\/div>\n\t\t\t\t\t<div id=\"elementor-tab-content-2603\" class=\"elementor-tab-content elementor-clearfix\" data-tab=\"3\" role=\"region\" aria-labelledby=\"elementor-tab-title-2603\"><p><strong>Direcci\u00f3n: <\/strong><a href=\"https:\/\/maps.app.goo.gl\/XNrk6UEMMuAaX4PWA\" target=\"_blank\" rel=\"noopener\">R. Vale Mouro 1, 3060-521 Portunhos<\/a><\/p><p><strong>Email: <\/strong><img decoding=\"async\" src=\"https:\/\/restaurantelingerie.com\/wp-content\/uploads\/2024\/11\/Vector-9.svg\" alt=\"\" width=\"17\" height=\"17\" \/> <a href=\"mailto:thelingerierestaurant@gmail.com\">thelingerierestaurant@gmail.com<\/a><\/p><p><strong>Tel\u00e9fono: <\/strong><img decoding=\"async\" src=\"https:\/\/restaurantelingerie.com\/wp-content\/uploads\/2024\/11\/Vector-10.svg\" alt=\"\" width=\"17\" height=\"17\" \/> <a href=\"tel:+351915672450\">+351 915 672 450<\/a><br \/><span style=\"color: #d9bd6c;\"><span style=\"font-size: 14px;\">(Llamada a la red m\u00f3vil nacional)<\/span><\/span><\/p><p><b>Redes Sociales<\/b><strong>: <\/strong><img decoding=\"async\" src=\"\/wp-content\/uploads\/2024\/11\/facebook-faq.svg\" alt=\"\" width=\"17\" height=\"17\" \/> <a href=\"https:\/\/www.facebook.com\/restaurantelx\" target=\"_blank\" rel=\"noopener\">facebook.com\/restaurantelx<\/a><\/p><p><b>Servicio de informaci\u00f3n y reservas<\/b><strong>:<\/strong> 11h00 &#8211; 23h00<br \/><span style=\"color: #d9bd6c;\">(Fuera del horario de este servicio, env\u00eda un correo electr\u00f3nico)<\/span><\/p><\/div>\n\t\t\t\t<\/div>\n\t\t\t\t\t\t\t\t<\/div>\n\t\t\t\t\t\t<\/div>\n\t\t\t\t<\/div>\n\t\t\t\t\t<\/div>\n\t\t<\/div>\n\t\t\t\t<div class=\"elementor-column elementor-col-50 elementor-top-column elementor-element elementor-element-4ce0597\" data-id=\"4ce0597\" data-element_type=\"column\">\n\t\t\t<div class=\"elementor-widget-wrap elementor-element-populated\">\n\t\t\t\t\t\t<div class=\"elementor-element elementor-element-985c589 elementor-widget elementor-widget-google_maps\" data-id=\"985c589\" data-element_type=\"widget\" id=\"mapa-porto\" data-widget_type=\"google_maps.default\">\n\t\t\t\t<div class=\"elementor-widget-container\">\n\t\t\t\t\t\t\t<div class=\"elementor-custom-embed\">\n\t\t\t<iframe loading=\"lazy\"\n\t\t\t\t\tsrc=\"https:\/\/maps.google.com\/maps?q=The%20Lingerie%20Restaurant%20-%20Porto&#038;t=m&#038;z=16&#038;output=embed&#038;iwloc=near\"\n\t\t\t\t\ttitle=\"The Lingerie Restaurant - Porto\"\n\t\t\t\t\taria-label=\"The Lingerie Restaurant - Porto\"\n\t\t\t><\/iframe>\n\t\t<\/div>\n\t\t\t\t\t\t<\/div>\n\t\t\t\t<\/div>\n\t\t\t\t<div class=\"elementor-element elementor-element-3347271 elementor-widget elementor-widget-google_maps\" data-id=\"3347271\" data-element_type=\"widget\" id=\"mapa-lisboa\" data-widget_type=\"google_maps.default\">\n\t\t\t\t<div class=\"elementor-widget-container\">\n\t\t\t\t\t\t\t<div class=\"elementor-custom-embed\">\n\t\t\t<iframe loading=\"lazy\"\n\t\t\t\t\tsrc=\"https:\/\/maps.google.com\/maps?q=the%20lingerie%20lisboa&#038;t=m&#038;z=16&#038;output=embed&#038;iwloc=near\"\n\t\t\t\t\ttitle=\"the lingerie lisboa\"\n\t\t\t\t\taria-label=\"the lingerie lisboa\"\n\t\t\t><\/iframe>\n\t\t<\/div>\n\t\t\t\t\t\t<\/div>\n\t\t\t\t<\/div>\n\t\t\t\t<div class=\"elementor-element elementor-element-8cfe598 elementor-widget elementor-widget-google_maps\" data-id=\"8cfe598\" data-element_type=\"widget\" id=\"mapa-coimbra\" data-widget_type=\"google_maps.default\">\n\t\t\t\t<div class=\"elementor-widget-container\">\n\t\t\t\t\t\t\t<div class=\"elementor-custom-embed\">\n\t\t\t<iframe loading=\"lazy\"\n\t\t\t\t\tsrc=\"https:\/\/maps.google.com\/maps?q=The%20Lingerie%20Restaurant%20-%20Coimbra&#038;t=m&#038;z=16&#038;output=embed&#038;iwloc=near\"\n\t\t\t\t\ttitle=\"The Lingerie Restaurant - Coimbra\"\n\t\t\t\t\taria-label=\"The Lingerie Restaurant - Coimbra\"\n\t\t\t><\/iframe>\n\t\t<\/div>\n\t\t\t\t\t\t<\/div>\n\t\t\t\t<\/div>\n\t\t\t\t\t<\/div>\n\t\t<\/div>\n\t\t\t\t\t<\/div>\n\t\t<\/section>\n\t\t\t\t<\/div>\n\t\t","protected":false},"excerpt":{"rendered":"<p>Ponte en contacto Porto \u2022 Lisboa \u2022 Coimbra \u2022 Braga Contactos Cont\u00e1ctanos para m\u00e1s informaci\u00f3n. Porto Direcci\u00f3n: Rua Gon\u00e7alo Crist\u00f3v\u00e3o, n\u00ba198 4000-265 Porto Email: thelingerierestaurant@gmail.com Tel\u00e9fono: +351 915 672 450(Llamada a la red m\u00f3vil nacional) Redes Sociales: facebook.com\/EroticRestaurant Servicio de informaci\u00f3n y reservas: 11h00 &#8211; 23h00(Fuera del horario de este servicio, env\u00eda un correo electr\u00f3nico) [&hellip;]<\/p>\n","protected":false},"author":1,"featured_media":0,"parent":0,"menu_order":0,"comment_status":"closed","ping_status":"closed","template":"","meta":{"_acf_changed":false,"inline_featured_image":false,"footnotes":""},"class_list":["post-5795","page","type-page","status-publish","hentry"],"acf":[],"_links":{"self":[{"href":"https:\/\/restaurantelingerie.com\/es\/wp-json\/wp\/v2\/pages\/5795","targetHints":{"allow":["GET"]}}],"collection":[{"href":"https:\/\/restaurantelingerie.com\/es\/wp-json\/wp\/v2\/pages"}],"about":[{"href":"https:\/\/restaurantelingerie.com\/es\/wp-json\/wp\/v2\/types\/page"}],"author":[{"embeddable":true,"href":"https:\/\/restaurantelingerie.com\/es\/wp-json\/wp\/v2\/users\/1"}],"replies":[{"embeddable":true,"href":"https:\/\/restaurantelingerie.com\/es\/wp-json\/wp\/v2\/comments?post=5795"}],"version-history":[{"count":0,"href":"https:\/\/restaurantelingerie.com\/es\/wp-json\/wp\/v2\/pages\/5795\/revisions"}],"wp:attachment":[{"href":"https:\/\/restaurantelingerie.com\/es\/wp-json\/wp\/v2\/media?parent=5795"}],"curies":[{"name":"wp","href":"https:\/\/api.w.org\/{rel}","templated":true}]}}