{"id":6161,"date":"2025-05-23T14:27:22","date_gmt":"2025-05-23T13:27:22","guid":{"rendered":"https:\/\/lingerie.zyrgon.dev\/reservas\/"},"modified":"2025-06-17T15:25:46","modified_gmt":"2025-06-17T14:25:46","slug":"reservas","status":"publish","type":"page","link":"https:\/\/restaurantelingerie.com\/es\/reservas\/","title":{"rendered":"Reservas"},"content":{"rendered":"\t\t<div data-elementor-type=\"wp-page\" data-elementor-id=\"6161\" class=\"elementor elementor-6161 elementor-4728\" data-elementor-post-type=\"page\">\n\t\t\t\t\t\t<section class=\"elementor-section elementor-top-section elementor-element elementor-element-4352155 elementor-section-boxed elementor-section-height-default elementor-section-height-default\" data-id=\"4352155\" data-element_type=\"section\" data-settings=\"{&quot;background_background&quot;:&quot;classic&quot;}\">\n\t\t\t\t\t\t<div class=\"elementor-container elementor-column-gap-default\">\n\t\t\t\t\t<div class=\"elementor-column elementor-col-100 elementor-top-column elementor-element elementor-element-437b8ab\" data-id=\"437b8ab\" data-element_type=\"column\">\n\t\t\t<div class=\"elementor-widget-wrap elementor-element-populated\">\n\t\t\t\t\t\t<div class=\"elementor-element elementor-element-5ffd822 elementor-widget elementor-widget-html\" data-id=\"5ffd822\" data-element_type=\"widget\" data-widget_type=\"html.default\">\n\t\t\t\t<div class=\"elementor-widget-container\">\n\t\t\t\t\t<!-- Container responsivo para o iframe -->\r\n<style>\r\n  .iframe-container {\r\n    position: relative;\r\n    width: 100%;\r\n    \/* Aqui definimos 56.25% para propor\u00e7\u00e3o 16:9; ajusta conforme necess\u00e1rio *\/\r\n    padding-bottom: 56.25%;\r\n    height: 0;\r\n    overflow: hidden;\r\n  }\r\n  .iframe-container iframe {\r\n    position: absolute;\r\n    top: 0;\r\n    left: 0;\r\n    width: 100%;\r\n    height: 100%;\r\n    border: 0;\r\n  }\r\n<\/style>\r\n\r\n<div class=\"iframe-container\">\r\n  <iframe id=\"booking-iframe\"\r\n    src=\"https:\/\/bookings.thelingerierestaurant.com\/\" \r\n    allowfullscreen\r\n    loading=\"lazy\">\r\n  <\/iframe>\r\n  <script>window.addEventListener('message', function(e){\r\n    if(e.data && e.data.type === 'resize'){\r\n      document.getElementById('booking-iframe')\r\n              .style.height = e.data.height + 'px';\r\n    }\r\n  });\r\n  <\/script>\r\n<\/div>\r\n\t\t\t\t<\/div>\n\t\t\t\t<\/div>\n\t\t\t\t\t<\/div>\n\t\t<\/div>\n\t\t\t\t\t<\/div>\n\t\t<\/section>\n\t\t\t\t<\/div>\n\t\t","protected":false},"excerpt":{"rendered":"","protected":false},"author":1,"featured_media":0,"parent":0,"menu_order":0,"comment_status":"closed","ping_status":"closed","template":"","meta":{"_acf_changed":false,"inline_featured_image":false,"footnotes":""},"class_list":["post-6161","page","type-page","status-publish","hentry"],"acf":[],"_links":{"self":[{"href":"https:\/\/restaurantelingerie.com\/es\/wp-json\/wp\/v2\/pages\/6161","targetHints":{"allow":["GET"]}}],"collection":[{"href":"https:\/\/restaurantelingerie.com\/es\/wp-json\/wp\/v2\/pages"}],"about":[{"href":"https:\/\/restaurantelingerie.com\/es\/wp-json\/wp\/v2\/types\/page"}],"author":[{"embeddable":true,"href":"https:\/\/restaurantelingerie.com\/es\/wp-json\/wp\/v2\/users\/1"}],"replies":[{"embeddable":true,"href":"https:\/\/restaurantelingerie.com\/es\/wp-json\/wp\/v2\/comments?post=6161"}],"version-history":[{"count":0,"href":"https:\/\/restaurantelingerie.com\/es\/wp-json\/wp\/v2\/pages\/6161\/revisions"}],"wp:attachment":[{"href":"https:\/\/restaurantelingerie.com\/es\/wp-json\/wp\/v2\/media?parent=6161"}],"curies":[{"name":"wp","href":"https:\/\/api.w.org\/{rel}","templated":true}]}}